{"id":22,"date":"2023-07-14T19:16:04","date_gmt":"2023-07-14T17:16:04","guid":{"rendered":"https:\/\/www.ozmada.sk\/?page_id=22"},"modified":"2025-03-26T08:41:19","modified_gmt":"2025-03-26T07:41:19","slug":"kontakt","status":"publish","type":"page","link":"https:\/\/www.ozmada.sk\/index.php\/kontakt\/","title":{"rendered":"Kontakt"},"content":{"rendered":"<h6><span style=\"color: #ff0000;\"><strong>BANKOV\u00c9 \u00daDAJE:<\/strong> <\/span><\/h6>\n<h4>MADA mosz<\/h4>\n<p><strong>K\u00f3d banky:<\/strong> 0900<br \/>\n<strong>SWIFT k\u00f3d banky: GIBASKDX<\/strong><br \/>\n<strong>IBAN:<\/strong> SK41 0900 0000 0051 8433 6731<\/p>\n<h4>MADA mosz<br \/>\nRastislavice 60 94108 Rastislavice<\/h4>\n<p><strong>I\u010cO 53787323<\/strong><\/p>\n<p><strong>DI\u010c 2121577678<\/strong><\/p>\n<h6>&nbsp;<\/h6>\n<h6><span style=\"color: #ff0000;\"><strong>Kontakt:<\/strong><\/span><\/h6>\n<p>\u0160tefan Ma\u0161\u00e1ni<\/p>\n<p><img loading=\"lazy\" decoding=\"async\" class=\"r48jcc pT0Scc iPVvYb\" src=\"https:\/\/w7.pngwing.com\/pngs\/706\/31\/png-transparent-business-logo-online-art-gallery-telefone-text-mobile-phones-internet-thumbnail.png\" alt=\"TELEFON png images | PNGWing\" width=\"16\" height=\"16\" aria-hidden=\"false\"> Tel. kontakt: <a href=\"https:\/\/www.ozmada.sk\/index.php\/kontakt\/\">+421 907 121 668<\/a><\/p>\n<p><img loading=\"lazy\" decoding=\"async\" class=\"alignnone wp-image-38\" src=\"https:\/\/www.ozmada.sk\/wp-content\/uploads\/2023\/07\/png-clipart-black-envelope-icon-advanced-case-management-envelope-computer-icons-icon-design-envelope-mail-miscellaneous-angle-300x171.png\" alt=\"\" width=\"17\" height=\"10\" srcset=\"https:\/\/www.ozmada.sk\/wp-content\/uploads\/2023\/07\/png-clipart-black-envelope-icon-advanced-case-management-envelope-computer-icons-icon-design-envelope-mail-miscellaneous-angle-300x171.png 300w, https:\/\/www.ozmada.sk\/wp-content\/uploads\/2023\/07\/png-clipart-black-envelope-icon-advanced-case-management-envelope-computer-icons-icon-design-envelope-mail-miscellaneous-angle-768x437.png 768w, https:\/\/www.ozmada.sk\/wp-content\/uploads\/2023\/07\/png-clipart-black-envelope-icon-advanced-case-management-envelope-computer-icons-icon-design-envelope-mail-miscellaneous-angle.png 900w\" sizes=\"auto, (max-width: 17px) 100vw, 17px\" \/><a href=\"zdruzeniemada@gmail.com\">zdruzeniemada@gmail.com<\/a><\/p>\n<p>Ak m\u00e1te nejak\u00e9 ot\u00e1zky m\u00f4\u017eete ich posla\u0165:<\/p>\n<div class=\"forminator-ui forminator-custom-form forminator-custom-form-397 forminator-design--default  forminator_ajax\" data-forminator-render=\"0\" data-form=\"forminator-module-397\" data-uid=\"69ef2718b8e3d\"><br\/><\/div><form\n\t\t\t\tid=\"forminator-module-397\"\n\t\t\t\tclass=\"forminator-ui forminator-custom-form forminator-custom-form-397 forminator-design--default  forminator_ajax\"\n\t\t\t\tmethod=\"post\"\n\t\t\t\tdata-forminator-render=\"0\"\n\t\t\t\tdata-form-id=\"397\"\n\t\t\t\t\n\t\t\t\tdata-design=\"default\"\n\t\t\t\t\n\t\t\t\t\n\t\t\t\t\n\t\t\t\tdata-grid=\"open\"\n\t\t\t\t\n\t\t\t\t\n\t\t\t\tstyle=\"display: none;\"\n\t\t\t\t\n\t\t\t\tdata-uid=\"69ef2718b8e3d\"\n\t\t\t><div role=\"alert\" aria-live=\"polite\" class=\"forminator-response-message forminator-error\" aria-hidden=\"true\"><\/div><div class=\"forminator-row\"><div id=\"checkbox-2\" class=\"forminator-col forminator-col-12 \"><div role=\"group\" class=\"forminator-field\" aria-labelledby=\"forminator-checkbox-group-69ef2718b8e3d-label\"><label id=\"forminator-field-checkbox-2-1-69ef2718b8e3d-label\" for=\"forminator-field-checkbox-2-1-69ef2718b8e3d\" class=\"forminator-checkbox\" title=\"Posla\u0165 spr\u00e1vu (zobrazi\u0165 formul\u00e1r)\"><input type=\"checkbox\" name=\"checkbox-2[]\" value=\"one\" id=\"forminator-field-checkbox-2-1-69ef2718b8e3d\" aria-labelledby=\"forminator-field-checkbox-2-1-69ef2718b8e3d-label\" data-calculation=\"0\"   data-hidden-behavior=\"zero\" aria-describedby=\"forminator-field-checkbox-2-69ef2718b8e3d-description\"\/><span class=\"forminator-checkbox-box\" aria-hidden=\"true\"><\/span><span class=\"forminator-checkbox-label\">Posla\u0165 spr\u00e1vu (zobrazi\u0165 formul\u00e1r)<\/span><\/label><\/div><\/div><\/div><div class=\"forminator-row\"><div id=\"name-1\" class=\"forminator-col forminator-col-12 \"><div class=\"forminator-field\"><label for=\"forminator-field-name-1_69ef2718b8e3d\" class=\"forminator-label\" id=\"forminator-field-name-1_69ef2718b8e3d-label\">MENO <span class=\"forminator-required\">*<\/span><\/label><input type=\"text\" name=\"name-1\" value=\"\" placeholder=\"J\u00e1n Mal\u00fd\" id=\"forminator-field-name-1_69ef2718b8e3d\" class=\"forminator-input forminator-name--field\" aria-required=\"true\" \/><\/div><\/div><\/div><div class=\"forminator-row\"><div id=\"email-1\" class=\"forminator-col forminator-col-6 \"><div class=\"forminator-field\"><label for=\"forminator-field-email-1_69ef2718b8e3d\" class=\"forminator-label\" id=\"forminator-field-email-1_69ef2718b8e3d-label\">EMAIL <span class=\"forminator-required\">*<\/span><\/label><input type=\"email\" name=\"email-1\" value=\"\" placeholder=\"janmaly@email.eu\" id=\"forminator-field-email-1_69ef2718b8e3d\" class=\"forminator-input forminator-email--field\" data-required=\"true\" aria-required=\"true\" \/><\/div><\/div><div id=\"phone-1\" class=\"forminator-col forminator-col-6 \"><div class=\"forminator-field\"><label for=\"forminator-field-phone-1_69ef2718b8e3d\" class=\"forminator-label\" id=\"forminator-field-phone-1_69ef2718b8e3d-label\">TELEF\u00d3NNY KONTAKT<\/label><input type=\"text\" name=\"phone-1\" value=\"\" placeholder=\"\" id=\"forminator-field-phone-1_69ef2718b8e3d\" class=\"forminator-input forminator-field--phone\" data-required=\"\" aria-required=\"false\" autocomplete=\"off\" data-national_mode=\"disabled\" data-country=\"sk\" data-validation=\"international\" \/><\/div><\/div><\/div><div class=\"forminator-row\"><div id=\"textarea-1\" class=\"forminator-col forminator-col-12 \"><div class=\"forminator-field\"><label for=\"forminator-field-textarea-1_69ef2718b8e3d\" id=\"forminator-field-textarea-1_69ef2718b8e3d-label\" class=\"forminator-label\">SPR\u00c1VA <span class=\"forminator-required\">*<\/span><\/label><textarea name=\"textarea-1\" placeholder=\"Enter your message...\" id=\"forminator-field-textarea-1_69ef2718b8e3d\" class=\"forminator-textarea\" rows=\"6\" style=\"min-height:1px;\" ><\/textarea><\/div><\/div><\/div><div class=\"forminator-row\"><div id=\"checkbox-1\" class=\"forminator-col forminator-col-12 \"><div role=\"group\" class=\"forminator-field required\" aria-labelledby=\"forminator-checkbox-group-69ef2718b8e3d-label\"><label id=\"forminator-field-checkbox-1-1-69ef2718b8e3d-label\" for=\"forminator-field-checkbox-1-1-69ef2718b8e3d\" class=\"forminator-checkbox\" title=\"S\u00fahlas so spracovan\u00edm osobn\u00fdch \u00fadajov GDPR\"><input type=\"checkbox\" name=\"checkbox-1[]\" value=\"one\" id=\"forminator-field-checkbox-1-1-69ef2718b8e3d\" aria-labelledby=\"forminator-field-checkbox-1-1-69ef2718b8e3d-label\" data-calculation=\"0\"   data-hidden-behavior=\"zero\" aria-describedby=\"forminator-field-checkbox-1-69ef2718b8e3d-description\"\/><span class=\"forminator-checkbox-box\" aria-hidden=\"true\"><\/span><span class=\"forminator-checkbox-label\">S\u00fahlas so spracovan\u00edm osobn\u00fdch \u00fadajov GDPR<\/span><\/label><\/div><\/div><\/div><div class=\"forminator-row\"><div id=\"captcha-1\" class=\"forminator-col forminator-col-12 \"><div class=\"forminator-g-recaptcha recaptcha-invisible\" data-theme=\"light\" data-badge=\"bottomright\" data-sitekey=\"6LfciQErAAAAAEwvnOkjEicR8NEyppi5B7n5vYa8\" data-size=\"invisible\"><\/div> <\/div><\/div><input type=\"hidden\" name=\"referer_url\" value=\"\" \/><div class=\"forminator-row forminator-row-last\"><div class=\"forminator-col\"><div class=\"forminator-field\"><button class=\"forminator-button forminator-button-submit\">ODOSLA\u0164<\/button><\/div><\/div><\/div><input type=\"hidden\" id=\"forminator_nonce\" name=\"forminator_nonce\" value=\"9ed597a422\" \/><input type=\"hidden\" name=\"_wp_http_referer\" value=\"\/index.php\/wp-json\/wp\/v2\/pages\/22\" \/><input type=\"hidden\" name=\"form_id\" value=\"397\"><input type=\"hidden\" name=\"page_id\" value=\"22\"><input type=\"hidden\" name=\"form_type\" value=\"default\"><input type=\"hidden\" name=\"current_url\" value=\"https:\/\/www.ozmada.sk\/index.php\/kontakt\/\"><input type=\"hidden\" name=\"render_id\" value=\"0\"><input type=\"hidden\" name=\"action\" value=\"forminator_submit_form_custom-forms\"><\/form>\n<p>&nbsp;<\/p>\n","protected":false},"excerpt":{"rendered":"<p>BANKOV\u00c9 \u00daDAJE: MADA mosz K\u00f3d banky: 0900 SWIFT k\u00f3d banky: GIBASKDX IBAN: SK41 0900 0000 0051 8433 6731 MADA mosz Rastislavice 60 94108 Rastislavice I\u010cO 53787323 DI\u010c 2121577678 &nbsp; Kontakt: \u0160tefan Ma\u0161\u00e1ni Tel. kontakt: +421 907 121 668 zdruzeniemada@gmail.com Ak m\u00e1te nejak\u00e9 ot\u00e1zky m\u00f4\u017eete ich posla\u0165: &nbsp;<\/p>\n","protected":false},"author":1,"featured_media":0,"parent":0,"menu_order":0,"comment_status":"closed","ping_status":"closed","template":"","meta":{"ngg_post_thumbnail":0,"footnotes":""},"class_list":["post-22","page","type-page","status-publish","hentry"],"aioseo_notices":[],"_links":{"self":[{"href":"https:\/\/www.ozmada.sk\/index.php\/wp-json\/wp\/v2\/pages\/22","targetHints":{"allow":["GET"]}}],"collection":[{"href":"https:\/\/www.ozmada.sk\/index.php\/wp-json\/wp\/v2\/pages"}],"about":[{"href":"https:\/\/www.ozmada.sk\/index.php\/wp-json\/wp\/v2\/types\/page"}],"author":[{"embeddable":true,"href":"https:\/\/www.ozmada.sk\/index.php\/wp-json\/wp\/v2\/users\/1"}],"replies":[{"embeddable":true,"href":"https:\/\/www.ozmada.sk\/index.php\/wp-json\/wp\/v2\/comments?post=22"}],"version-history":[{"count":12,"href":"https:\/\/www.ozmada.sk\/index.php\/wp-json\/wp\/v2\/pages\/22\/revisions"}],"predecessor-version":[{"id":489,"href":"https:\/\/www.ozmada.sk\/index.php\/wp-json\/wp\/v2\/pages\/22\/revisions\/489"}],"wp:attachment":[{"href":"https:\/\/www.ozmada.sk\/index.php\/wp-json\/wp\/v2\/media?parent=22"}],"curies":[{"name":"wp","href":"https:\/\/api.w.org\/{rel}","templated":true}]}}