{"id":276,"date":"2024-02-20T15:02:26","date_gmt":"2024-02-20T14:02:26","guid":{"rendered":"https:\/\/www.ozmada.sk\/?page_id=276"},"modified":"2025-10-08T10:50:06","modified_gmt":"2025-10-08T08:50:06","slug":"sampionaty","status":"publish","type":"page","link":"https:\/\/www.ozmada.sk\/index.php\/sampionaty\/","title":{"rendered":"\u0160AMPION\u00c1TY"},"content":{"rendered":"<h4 class=\"wp-block-heading\">PORIADOK PRE UDE\u013dOVANIE TITULU<br \/>\n<strong>SLOVENSK\u00dd \u0160AMPI\u00d3N \u0160TENIAT \u2013&nbsp;<\/strong>CP: CERTIFIK\u00c1T PUPPY\/BABY<\/h4>\n<p><strong>Titul Slovensk\u00fd \u0161ampi\u00f3n \u0161teniat sa ude\u013euje:<\/strong><\/p>\n<ol>\n<li>Ak pes alebo suka z\u00edskali 2x Ve\u013emi n\u00e1dejn\u00fd 1 (VN1) v triede mlad\u0161ieho dorastu alebo dorastu, minim\u00e1lne od dvoch rozhodcov na v\u00fdstav\u00e1ch organizovan\u00fdch pod z\u00e1\u0161titou OZ MADA s ude\u013eovan\u00edm CAC\/JCAC.<\/li>\n<li>Ak jeden z dvoch potrebn\u00fdch VN1 bol udelen\u00fd na medzin\u00e1rodnej v\u00fdstave s ude\u013eovan\u00edm CACIB.<\/li>\n<li>Jeden z troch potrebn\u00fdch VN1 sa m\u00f4\u017ee nahradi\u0165 jedn\u00fdm JCAC, ak ho z\u00edskal pes vo veku do 12&nbsp; mesiacov. Tento JCAC sa u\u017e nem\u00f4\u017ee zapo\u010d\u00edta\u0165 do JCAC potrebn\u00fdch pre udelenie Slovensk\u00e9ho \u0161ampi\u00f3na kr\u00e1sy mlad\u00fdch.<\/li>\n<li>Slovensk\u00fd \u0161ampi\u00f3n \u0161teniat neopr\u00e1v\u0148uje pre zaradenie psa alebo suky do triedy \u0161ampi\u00f3nov. Na po\u017eiadanie sa titul zaznamen\u00e1va do preukazu p\u00f4vodu psa.<\/li>\n<li>Mo\u017en\u00e1 zmena zad\u00e1vania \u0161ampion\u00e1tu po dohode s veden\u00edm OZ MADA.<\/li>\n<\/ol>\n<p><strong>Slovensk\u00fd \u0161ampion\u00e1t \u0161teniat na po\u017eiadanie majite\u013ea potvrd\u00ed :<\/strong><br \/>\n<em>MADA, o.z., Rastislavice 60, 94108 Rastislavice, Slovensk\u00e1 Republika.<\/em><\/p>\n<p>K \u017eiadosti treba prilo\u017ei\u0165&nbsp;<strong>origin\u00e1ly posudkov\u00fdch listov z&nbsp;pr\u00edslu\u0161n\u00fdch v\u00fdstav a fotok\u00f3piu preukazu o p\u00f4vode psa.<\/strong><\/p>\n<hr class=\"wp-block-separator has-css-opacity\">\n<h4 class=\"wp-block-heading\">PORIADOK PRE UDE\u013dOVANIE TITULU<br \/>\n<strong>SLOVENSK\u00dd \u0160AMPI\u00d3N KR\u00c1SY MLAD\u00ddCH \u2013 M-JCAC<\/strong><\/h4>\n<p><strong>Titul Slovensk\u00fd \u0161ampi\u00f3n kr\u00e1sy mlad\u00fdch sa ude\u013euje:<\/strong><\/p>\n<ol>\n<li>Ak pes alebo suka z\u00edskali 2x JCAC, minim\u00e1lne od dvoch rozhodcov, na v\u00fdstav\u00e1ch pod z\u00e1\u0161titou OZ MADA na Slovensku.<\/li>\n<li>Minim\u00e1lne jeden z dvoch potrebn\u00fdch JCAC bol udelen\u00fd na medzin\u00e1rodnej v\u00fdstave s ude\u013eovan\u00edm CACIB.<\/li>\n<li>Jeden z troch potrebn\u00fdch JCAC sa m\u00f4\u017ee nahradi\u0165 jedn\u00fdm M-CAC, ak ho z\u00edskal pes vo veku do 24 mesiacov. Tento M-CAC sa u\u017e nem\u00f4\u017ee zapo\u010d\u00edta\u0165 do M-CAC potrebn\u00fdch pre udelenie Slovensk\u00e9ho \u0161ampi\u00f3na kr\u00e1sy.<\/li>\n<li>Slovensk\u00fd \u0161ampi\u00f3n kr\u00e1sy mlad\u00fdch neopr\u00e1v\u0148uje pre zaradenie psa alebo suky do triedy \u0161ampi\u00f3nov. Uv\u00e1dza sa v preukaze o p\u00f4vode psa.<\/li>\n<li>Mo\u017en\u00e1 zmena zad\u00e1vania \u0161ampion\u00e1tu po dohode s veden\u00edm OZ MADA.<\/li>\n<\/ol>\n<p><strong>Slovensk\u00fd \u0161ampion\u00e1t kr\u00e1sy mlad\u00fdch na po\u017eiadanie majite\u013ea potvrdzuje<\/strong><br \/>\n<em>MADA, o.z., Rastislavice 60, 94108 Rastislavice, Slovensk\u00e1 Republika.<\/em><\/p>\n<p>K \u017eiadosti treba prilo\u017ei\u0165<strong>&nbsp;origin\u00e1ly posudkov\u00fdch listov z&nbsp;pr\u00edslu\u0161n\u00fdch v\u00fdstav a fotok\u00f3piu preukazu o p\u00f4vode psa<\/strong>.<\/p>\n<p>Podmienky pre ude\u013eovanie \u010dakate\u013estva M-JCAC:<\/p>\n<ol>\n<li>M-JCAC sa m\u00f4\u017ee ude\u013eova\u0165 len na v\u00fdstav\u00e1ch organizovan\u00fdch pod z\u00e1\u0161titou OZ MADA, na ktor\u00fdch sa ude\u013euje CAC.<\/li>\n<li>M-JCAC sa ude\u013euje v triede mlad\u00fdch osobitne psom a suk\u00e1m.<\/li>\n<li>M-JCAC sa m\u00f4\u017ee udeli\u0165 len psovi a suke ocenen\u00fdm V1.<\/li>\n<li>Navrhn\u00fa\u0165 psa alebo suku na M-JCAC m\u00f4\u017ee len rozhodca ofici\u00e1lne delegovan\u00fd na v\u00fdstavu. M-JCAC nie je n\u00e1rokovate\u013en\u00fd a ude\u013euje sa len pri mimoriadnych kvalit\u00e1ch psa alebo suky.<\/li>\n<li>Mo\u017en\u00e1 zmena zad\u00e1vania \u0161ampion\u00e1tu po dohode s veden\u00edm OZ MADA.<\/li>\n<\/ol>\n<hr class=\"wp-block-separator has-css-opacity\">\n<h4 class=\"wp-block-heading\">PORIADOK PRE UDE\u013dOVANIE TITULU<br \/>\n<strong>SLOVENSK\u00dd \u0160AMPI\u00d3N KR\u00c1SY \u2013 M-CAC<\/strong><\/h4>\n<p><strong>Slovensk\u00fd \u0161ampi\u00f3n kr\u00e1sy sa m\u00f4\u017ee udeli\u0165:<\/strong><\/p>\n<ol>\n<li>Ak pes\/suka z\u00edskal 3xCAC medzin\u00e1rodn\u00fdch, n\u00e1rodnej, celo\u0161t\u00e1tnych, klubov\u00fdch a \u0161peci\u00e1lnych v\u00fdstav\u00e1ch usporiadan\u00fdch pod z\u00e1\u0161titou OZ MADA na \u00fazem\u00ed SR.<\/li>\n<li>Potrebn\u00e9 CAC boli z\u00edskan\u00e9 najmenej v dvoch v\u00fdstavn\u00fdch sez\u00f3nach (v\u00fdstavn\u00e1 sez\u00f3na = kalend\u00e1rny rok).<\/li>\n<li>CAC boli udelen\u00e9 aspo\u0148 dvomi r\u00f4znymi rozhodcami.<\/li>\n<li>Minim\u00e1lne jeden CAC z troch bol z\u00edskan\u00fd na medzin\u00e1rodnej v\u00fdstave s ude\u013eovan\u00edm CACIB, \u010fal\u0161ie m\u00f4\u017eu by\u0165 z\u00edskan\u00e9 na n\u00e1rodnej, celo\u0161t\u00e1tnej, klubovej alebo \u0161peci\u00e1lnej v\u00fdstave usporiadanej pod z\u00e1\u0161titou OZ MADA na \u00fazem\u00ed SR.<\/li>\n<li>Tri Reserve CAC m\u00f4\u017eu nahradi\u0165 jeden M-CAC.<\/li>\n<li>CAC z medzin\u00e1rodnej v\u00fdstavy m\u00f4\u017ee by\u0165 nahraden\u00fd len tromi M-Res. CAC z medzin\u00e1rodn\u00fdch v\u00fdstav.<\/li>\n<li>Nahradi\u0165 tromi M-Res. CAC mo\u017eno len jeden M-CAC.<\/li>\n<li>Akceptovan\u00e9 m\u00f4\u017eu by\u0165 len \u010dakate\u013estv\u00e1 M-CAC, ktor\u00e9 neboli pou\u017eit\u00e9 na in\u00e9 \u0161ampion\u00e1ty.<\/li>\n<li>Mo\u017en\u00e1 zmena zad\u00e1vania \u0161ampion\u00e1tu po dohode s veden\u00edm OZ MADA.<\/li>\n<\/ol>\n<p><strong>Slovensk\u00fd \u0161ampion\u00e1t kr\u00e1sy na po\u017eiadanie majite\u013ea potvrdzuje:<\/strong><br \/>\n<em>MADA, o.z., Rastislavice 60, 94108 Rastislavice, Slovensk\u00e1 Republika.<\/em><\/p>\n<p>K \u017eiadosti treba prilo\u017ei\u0165&nbsp;<strong>origin\u00e1ly posudkov\u00fdch listov a fotok\u00f3piu preukazu o p\u00f4vode psa, u pracovn\u00fdch plemien pracovn\u00fd certifik\u00e1t o sk\u00fa\u0161ke.<\/strong><\/p>\n<p><strong>Podmienky pre ude\u013eovanie \u010dakate\u013estva M-CAC<\/strong><\/p>\n<ul>\n<li>M-CAC sa ude\u013euje psom a suk\u00e1m osobitne v triedach strednej, otvorenej, pracovnej a \u0161ampi\u00f3nov.<\/li>\n<li>M-CAC sa m\u00f4\u017ee udeli\u0165 psovi a suke ocenen\u00fdm V1.<\/li>\n<li>M-CAC sa m\u00f4\u017ee udeli\u0165 aj psovi a suke, ktor\u00e9 u\u017e titul Slovensk\u00fd \u0161ampi\u00f3n kr\u00e1sy z\u00edskali.<\/li>\n<li>Navrhn\u00fa\u0165 psa alebo suku na M-CAC m\u00f4\u017ee len rozhodca ofici\u00e1lne na v\u00fdstavu delegovan\u00fd.<\/li>\n<li>M-CAC nie je n\u00e1rokovate\u013en\u00fd a ude\u013euje sa len pri mimoriadnych kvalit\u00e1ch psa alebo suky.<\/li>\n<li>Psovi a suke, ktor\u00e9 boli v uveden\u00fdch triedach ohodnoten\u00e9 zn\u00e1mkou V2, m\u00f4\u017ee rozhodca udeli\u0165 M-Reserve CAC.<\/li>\n<li>M-Reserve CAC sa m\u00f4\u017ee udeli\u0165 len v triede, v ktorej bol udelen\u00fd M-CAC.<\/li>\n<li>M-Reserve CAC nie je n\u00e1rokovate\u013en\u00fd a ude\u013euje sa len pri mimoriadnych kvalit\u00e1ch psa alebo suky.<\/li>\n<\/ul>\n<hr class=\"wp-block-separator has-css-opacity\">\n<h4 id=\"mce_31\" class=\"wp-block-heading\">PORIADOK PRE UDE\u013dOVANIE TITULU<br \/>\n<strong>SLOVENSK\u00dd \u0160AMPI\u00d3N PR\u00c1CE \u2013 M-CAWCH<\/strong><\/h4>\n<p><strong>Udelenie titulu Slovensk\u00fd \u0161ampi\u00f3n pr\u00e1ce ude\u013euje OZ MADA:<\/strong><\/p>\n<p>OZ MADA uzn\u00e1va v\u0161etky \u0161ampion\u00e1ty \u2013 certifik\u00e1ty pr\u00e1ce udelen\u00e9 in\u00fdmi organiz\u00e1ciami.<\/p>\n<hr class=\"wp-block-separator has-css-opacity\">\n<h4 class=\"wp-block-heading\">PODMIENKY PRE PRIZNANIE TITULU<br \/>\n<strong>SLOVENSK\u00dd \u0160AMPI\u00d3N VETER\u00c1NOV<\/strong><\/h4>\n<ol>\n<li>Pes\/suka mus\u00ed z\u00edska\u0165 3x V\u00fdborn\u00fd 1 v triede veter\u00e1nov na v\u00fdstav\u00e1ch usporiadan\u00fdch pod z\u00e1\u0161titou OZ MADA s ude\u013eovan\u00edm CAC\/JCAC.<\/li>\n<li>V1 boli udelen\u00e9 aspo\u0148 dvoma r\u00f4znymi rozhodcami<\/li>\n<li>Jedno ocenenie V1 z troch potrebn\u00fdch bolo z\u00edskan\u00e9 na medzin\u00e1rodnej v\u00fdstave s ude\u013eovan\u00edm CACIB, \u010fal\u0161ie na medzin\u00e1rodnej, n\u00e1rodnej, klubovej alebo \u0161peci\u00e1lnej v\u00fdstave usporiadan\u00fdch pod z\u00e1\u0161titou OZ MADA s ude\u013eovan\u00edm CAC\/JCAC.<\/li>\n<li>Mo\u017en\u00e1 zmena zad\u00e1vania \u0161ampion\u00e1tu po dohode s veden\u00edm OZ MADA.<\/li>\n<\/ol>\n<p>Slovensk\u00fd \u0161ampi\u00f3n veter\u00e1nov na po\u017eiadanie majite\u013ea potvrdzuje:<br \/>\n<em>MADA, o.z., Rastislavice 60, 94108 Rastislavice, Slovensk\u00e1 Republika.<\/em><\/p>\n<p>K \u017eiadosti treba prilo\u017ei\u0165&nbsp;<strong>origin\u00e1ly posudkov\u00fdch listov a k\u00f3piu preukazu o p\u00f4vode psa.<\/strong><\/p>\n<hr class=\"wp-block-separator has-css-opacity\">\n<h4 class=\"wp-block-heading\">PORIADOK PRE UDE\u013dOVANIE TITULU<br \/>\n<strong>SLOVENSK\u00dd GRAND \u0160AMPI\u00d3N<\/strong><\/h4>\n<ol>\n<li>Pes \/ suka mus\u00ed by\u0165 dr\u017eite\u013eom titulu Slovensk\u00fd \u0161ampi\u00f3n kr\u00e1sy.<\/li>\n<li>Po potvrden\u00ed titulu Slovensk\u00fd \u0161ampi\u00f3n kr\u00e1sy, mus\u00ed pes \/ suka 6x z\u00edska\u0165 v triede \u0161ampi\u00f3nov titul CAC na \u0161ampion\u00e1tov\u00fdch v\u00fdstav\u00e1ch organizovan\u00fdch pod z\u00e1\u0161titou OZ MADA.<\/li>\n<li>\u010cakate\u013estv\u00e1 CAC boli udelen\u00e9 aspo\u0148 dvoma r\u00f4znymi rozhodcami.<\/li>\n<li>Minim\u00e1lne jedno \u010dakate\u013estvo CAC z troch potrebn\u00fdch bolo z\u00edskan\u00e9 na medzin\u00e1rodnej v\u00fdstave s ude\u013eovan\u00edm CACIB, \u010fal\u0161ie na medzin\u00e1rodnej, n\u00e1rodnej alebo \u0161peci\u00e1lnej v\u00fdstave usporiadan\u00fdch pod z\u00e1\u0161titou OZ MADA.<\/li>\n<li>Akceptovan\u00e9 m\u00f4\u017eu by\u0165 len \u010dakate\u013estv\u00e1 CAC, ktor\u00e9 neboli pou\u017eit\u00e9 na in\u00e9 \u0161ampion\u00e1ty.<\/li>\n<li>Slovensk\u00fd Grand \u0161ampion\u00e1t na po\u017eiadanie majite\u013ea potvrdzuje: <em>MADA, o.z., Rastislavice 60, 94108 Rastislavice, Slovensk\u00e1 Republika.<\/em><\/li>\n<li>Mo\u017en\u00e1 zmena zad\u00e1vania \u0161ampion\u00e1tu po dohode s veden\u00edm OZ MADA.<\/li>\n<\/ol>\n<p>K \u017eiadosti treba prilo\u017ei\u0165&nbsp;<strong>origin\u00e1ly posudkov\u00fdch listov, k\u00f3piu diplomu Slovensk\u00e9ho \u0161ampi\u00f3na kr\u00e1sy a k\u00f3piu preukazu o p\u00f4vode psa.<\/strong><\/p>\n<hr class=\"wp-block-separator has-css-opacity\">\n<h4 class=\"wp-block-heading\">PORIADOK PRE UDE\u013dOVANIE TITULU<br \/>\n<strong>SUPER GRAND \u0160AMPI\u00d3N<\/strong><\/h4>\n<ol>\n<li>Po potvrden\u00ed titulu Slovensk\u00fd Grand \u0160ampi\u00f3n mus\u00ed pes z\u00edska\u0165 9x \u010dakate\u013estvo M-CAC na \u0160V,KV,NV,MV pod z\u00e1\u0161titou OZ MADA na \u00fazem\u00ed SR.<\/li>\n<li>\u010cakate\u013estv\u00e1 M-CAC musia by\u0165 udelen\u00e9 v triede \u0161ampi\u00f3nov od minim\u00e1lne 3 rozli\u010dn\u00fdch rozhodcov. Dve zo \u0161tyroch \u010dakate\u013estiev M-CAC musia by\u0165 z\u00edskan\u00e9 na medzin\u00e1rodn\u00fdch v\u00fdstav\u00e1ch.<\/li>\n<li>Akceptovan\u00e9 m\u00f4\u017eu by\u0165 len \u010dakate\u013estv\u00e1 M-CAC, ktor\u00e9 neboli pou\u017eit\u00e9 na in\u00e9 \u0161ampion\u00e1ty.<\/li>\n<li>Super Grand \u0161ampion\u00e1t na po\u017eiadanie majite\u013ea potvrdzuje: <em>MADA, o.z., Rastislavice 60, 94108 Rastislavice, Slovensk\u00e1 Republika.<\/em><\/li>\n<li>Mo\u017en\u00e1 zmena zad\u00e1vania \u0161ampion\u00e1tu po dohode s veden\u00edm OZ MADA.<\/li>\n<\/ol>\n<p>K \u017eiadosti treba prilo\u017ei\u0165&nbsp;<strong>origin\u00e1ly posudkov\u00fdch listov, k\u00f3piu diplomu Slovensk\u00e9ho Grand \u0161ampi\u00f3na a fotok\u00f3piu preukazu o p\u00f4vode psa.<\/strong><\/p>\n<p>Pr\u00edlohy: stiahnite kliknut\u00edm na n\u00e1zov pr\u00edlohy<\/p>\n<p><a href=\"https:\/\/www.ozmada.sk\/wp-content\/uploads\/2025\/09\/ziadost_titul_krasa_stena-MADA.pdf\">\u017diados\u0165 na priznanie titulu Slovensk\u00fd \u0161ampi\u00f3n \u0161teniat<\/a><\/p>\n<p><a href=\"https:\/\/www.ozmada.sk\/wp-content\/uploads\/2025\/09\/ziadost_titul_krasa_junior-MADA.pdf\">\u017diados\u0165 na priznanie titulu Slovensk\u00fd \u0161ampi\u00f3n kr\u00e1sy mlad\u00fdch<\/a><\/p>\n<p><a href=\"https:\/\/www.ozmada.sk\/wp-content\/uploads\/2024\/02\/ziadost_titul_krasa_dospely-MADA.pdf\">\u017diados\u0165 na priznanie titulu Slovensk\u00fd \u0161ampi\u00f3n kr\u00e1sy<\/a><\/p>\n<p><a href=\"https:\/\/www.ozmada.sk\/wp-content\/uploads\/2024\/02\/ziadost_titul_veteran-MADA.pdf\">\u017diados\u0165 na priznanie titulu Slovensk\u00fd veter\u00e1n \u0161ampi\u00f3n<\/a><\/p>\n<p><a href=\"https:\/\/www.ozmada.sk\/wp-content\/uploads\/2024\/02\/ziadost_titul_praca-MADA.pdf\">\u017diados\u0165 na priznanie titulu Slovensk\u00fd \u0161ampi\u00f3n pr\u00e1ce<\/a><\/p>\n<p><a href=\"https:\/\/www.ozmada.sk\/wp-content\/uploads\/2024\/02\/ziadost_titul_grand_sampion-MADA.pdf\">\u017diados\u0165 na priznanie titulu Slovensk\u00fd grand \u0161ampi\u00f3n<\/a><\/p>\n<p><a href=\"https:\/\/www.ozmada.sk\/wp-content\/uploads\/2024\/02\/ziadost_titul_super_grand_sampion-MADA.pdf\">\u017diados\u0165 na priznanie titulu Slovensk\u00fd super grand \u0161ampi\u00f3n<\/a><\/p>\n","protected":false},"excerpt":{"rendered":"<p>PORIADOK PRE UDE\u013dOVANIE TITULU SLOVENSK\u00dd \u0160AMPI\u00d3N \u0160TENIAT \u2013&nbsp;CP: CERTIFIK\u00c1T PUPPY\/BABY Titul Slovensk\u00fd \u0161ampi\u00f3n \u0161teniat sa ude\u013euje: Ak pes alebo suka z\u00edskali 2x Ve\u013emi n\u00e1dejn\u00fd 1 (VN1) v triede mlad\u0161ieho dorastu alebo dorastu, minim\u00e1lne od dvoch rozhodcov na v\u00fdstav\u00e1ch organizovan\u00fdch pod z\u00e1\u0161titou OZ MADA s ude\u013eovan\u00edm CAC\/JCAC. Ak jeden z dvoch potrebn\u00fdch VN1 bol udelen\u00fd na &hellip; <a href=\"https:\/\/www.ozmada.sk\/index.php\/sampionaty\/\" class=\"more-link\">Pokra\u010dova\u0165 v \u010d\u00edtan\u00ed: <span class=\"screen-reader-text\">\u0160AMPION\u00c1TY<\/span><\/a><\/p>\n","protected":false},"author":1,"featured_media":0,"parent":0,"menu_order":0,"comment_status":"closed","ping_status":"closed","template":"","meta":{"ngg_post_thumbnail":0,"footnotes":""},"class_list":["post-276","page","type-page","status-publish","hentry"],"aioseo_notices":[],"_links":{"self":[{"href":"https:\/\/www.ozmada.sk\/index.php\/wp-json\/wp\/v2\/pages\/276","targetHints":{"allow":["GET"]}}],"collection":[{"href":"https:\/\/www.ozmada.sk\/index.php\/wp-json\/wp\/v2\/pages"}],"about":[{"href":"https:\/\/www.ozmada.sk\/index.php\/wp-json\/wp\/v2\/types\/page"}],"author":[{"embeddable":true,"href":"https:\/\/www.ozmada.sk\/index.php\/wp-json\/wp\/v2\/users\/1"}],"replies":[{"embeddable":true,"href":"https:\/\/www.ozmada.sk\/index.php\/wp-json\/wp\/v2\/comments?post=276"}],"version-history":[{"count":7,"href":"https:\/\/www.ozmada.sk\/index.php\/wp-json\/wp\/v2\/pages\/276\/revisions"}],"predecessor-version":[{"id":557,"href":"https:\/\/www.ozmada.sk\/index.php\/wp-json\/wp\/v2\/pages\/276\/revisions\/557"}],"wp:attachment":[{"href":"https:\/\/www.ozmada.sk\/index.php\/wp-json\/wp\/v2\/media?parent=276"}],"curies":[{"name":"wp","href":"https:\/\/api.w.org\/{rel}","templated":true}]}}