{"id":354,"date":"2024-09-19T09:45:31","date_gmt":"2024-09-19T07:45:31","guid":{"rendered":"https:\/\/www.ozmada.sk\/?page_id=354"},"modified":"2024-09-19T09:45:31","modified_gmt":"2024-09-19T07:45:31","slug":"partneri","status":"publish","type":"page","link":"https:\/\/www.ozmada.sk\/index.php\/partneri\/","title":{"rendered":"Partneri"},"content":{"rendered":"<p>Partneri \/ Partnersk\u00e9 organiz\u00e1cie<\/p>\n<!-- default-view.php -->\n<div\n\tclass=\"ngg-galleryoverview default-view \n\t\t\"\n\tid=\"ngg-gallery-257ad915c3700a5845e6591254a64ccb-1\">\n\n\t\t<!-- Thumbnails -->\n\t\t\t\t<div id=\"ngg-image-0\" class=\"ngg-gallery-thumbnail-box \n\t\t\t\t\t\t\t\t\t\t\t\" \n\t\t\t>\n\t\t\t\t\t\t<div class=\"ngg-gallery-thumbnail\">\n\t\t\t<a href=\"https:\/\/www.ozmada.sk\/wp-content\/gallery\/partneri\/BDC.png\"\n\t\t\t\ttitle=\"Bohemia dog club  - Czech republic\"\n\t\t\t\tdata-src=\"https:\/\/www.ozmada.sk\/wp-content\/gallery\/partneri\/BDC.png\"\n\t\t\t\tdata-thumbnail=\"https:\/\/www.ozmada.sk\/wp-content\/gallery\/partneri\/thumbs\/thumbs-BDC.png\"\n\t\t\t\tdata-image-id=\"1\"\n\t\t\t\tdata-title=\"Bohemia dog club \"\n\t\t\t\tdata-description=\"Bohemia dog club  - Czech republic\"\n\t\t\t\tdata-image-slug=\"bdc\"\n\t\t\t\tclass=\"ngg-simplelightbox\" rel=\"257ad915c3700a5845e6591254a64ccb\">\n\t\t\t\t<img\n\t\t\t\t\ttitle=\"Bohemia dog club \"\n\t\t\t\t\talt=\"Bohemia dog club \"\n\t\t\t\t\tsrc=\"https:\/\/www.ozmada.sk\/wp-content\/gallery\/partneri\/cache\/BDC.png-nggid011-ngg0dyn-240x160x100-00f0w010c010r110f110r010t010.png\"\n\t\t\t\t\twidth=\"160\"\n\t\t\t\t\theight=\"160\"\n\t\t\t\t\tstyle=\"max-width:100%;\"\n\t\t\t\t\/>\n\t\t\t<\/a>\n\t\t<\/div>\n\t\t\t\t\t\t\t<\/div> \n\t\t\t\n\t\t\t\t<div id=\"ngg-image-1\" class=\"ngg-gallery-thumbnail-box \n\t\t\t\t\t\t\t\t\t\t\t\" \n\t\t\t>\n\t\t\t\t\t\t<div class=\"ngg-gallery-thumbnail\">\n\t\t\t<a href=\"https:\/\/www.ozmada.sk\/wp-content\/gallery\/partneri\/logo-lotyssko.jpg\"\n\t\t\t\ttitle=\"International Dog Breeders Club - Loty\u0161sko\"\n\t\t\t\tdata-src=\"https:\/\/www.ozmada.sk\/wp-content\/gallery\/partneri\/logo-lotyssko.jpg\"\n\t\t\t\tdata-thumbnail=\"https:\/\/www.ozmada.sk\/wp-content\/gallery\/partneri\/thumbs\/thumbs-logo-lotyssko.jpg\"\n\t\t\t\tdata-image-id=\"2\"\n\t\t\t\tdata-title=\"International Dog Breeders Club\"\n\t\t\t\tdata-description=\"International Dog Breeders Club - Loty\u0161sko\"\n\t\t\t\tdata-image-slug=\"logo-lotyssko\"\n\t\t\t\tclass=\"ngg-simplelightbox\" rel=\"257ad915c3700a5845e6591254a64ccb\">\n\t\t\t\t<img\n\t\t\t\t\ttitle=\"International Dog Breeders Club\"\n\t\t\t\t\talt=\"International Dog Breeders Club\"\n\t\t\t\t\tsrc=\"https:\/\/www.ozmada.sk\/wp-content\/gallery\/partneri\/cache\/logo-lotyssko.jpg-nggid012-ngg0dyn-240x160x100-00f0w010c010r110f110r010t010.jpg\"\n\t\t\t\t\twidth=\"158\"\n\t\t\t\t\theight=\"160\"\n\t\t\t\t\tstyle=\"max-width:100%;\"\n\t\t\t\t\/>\n\t\t\t<\/a>\n\t\t<\/div>\n\t\t\t\t\t\t\t<\/div> \n\t\t\t\n\t\t\t\t<div id=\"ngg-image-2\" class=\"ngg-gallery-thumbnail-box \n\t\t\t\t\t\t\t\t\t\t\t\" \n\t\t\t>\n\t\t\t\t\t\t<div class=\"ngg-gallery-thumbnail\">\n\t\t\t<a href=\"https:\/\/www.ozmada.sk\/wp-content\/gallery\/partneri\/Moravia-Dog-Club-fena-a-kvety-test-2.png\"\n\t\t\t\ttitle=\"Moravia Dog Club - Czech Republic\"\n\t\t\t\tdata-src=\"https:\/\/www.ozmada.sk\/wp-content\/gallery\/partneri\/Moravia-Dog-Club-fena-a-kvety-test-2.png\"\n\t\t\t\tdata-thumbnail=\"https:\/\/www.ozmada.sk\/wp-content\/gallery\/partneri\/thumbs\/thumbs-Moravia-Dog-Club-fena-a-kvety-test-2.png\"\n\t\t\t\tdata-image-id=\"3\"\n\t\t\t\tdata-title=\"Moravia Dog Club\"\n\t\t\t\tdata-description=\"Moravia Dog Club - Czech Republic\"\n\t\t\t\tdata-image-slug=\"moravia-dog-club-fena-a-kvety-test-2\"\n\t\t\t\tclass=\"ngg-simplelightbox\" rel=\"257ad915c3700a5845e6591254a64ccb\">\n\t\t\t\t<img\n\t\t\t\t\ttitle=\"Moravia Dog Club\"\n\t\t\t\t\talt=\"Moravia Dog Club\"\n\t\t\t\t\tsrc=\"https:\/\/www.ozmada.sk\/wp-content\/gallery\/partneri\/cache\/Moravia-Dog-Club-fena-a-kvety-test-2.png-nggid013-ngg0dyn-240x160x100-00f0w010c010r110f110r010t010.png\"\n\t\t\t\t\twidth=\"160\"\n\t\t\t\t\theight=\"160\"\n\t\t\t\t\tstyle=\"max-width:100%;\"\n\t\t\t\t\/>\n\t\t\t<\/a>\n\t\t<\/div>\n\t\t\t\t\t\t\t<\/div> \n\t\t\t\n\t\t\t\t<div id=\"ngg-image-3\" class=\"ngg-gallery-thumbnail-box \n\t\t\t\t\t\t\t\t\t\t\t\" \n\t\t\t>\n\t\t\t\t\t\t<div class=\"ngg-gallery-thumbnail\">\n\t\t\t<a href=\"https:\/\/www.ozmada.sk\/wp-content\/gallery\/partneri\/diamonds.jpeg\"\n\t\t\t\ttitle=\"Diamond Dog&#039;s House \"\n\t\t\t\tdata-src=\"https:\/\/www.ozmada.sk\/wp-content\/gallery\/partneri\/diamonds.jpeg\"\n\t\t\t\tdata-thumbnail=\"https:\/\/www.ozmada.sk\/wp-content\/gallery\/partneri\/thumbs\/thumbs-diamonds.jpeg\"\n\t\t\t\tdata-image-id=\"4\"\n\t\t\t\tdata-title=\"Diamond Dog&#039;s House \"\n\t\t\t\tdata-description=\"Diamond Dog&#039;s House \"\n\t\t\t\tdata-image-slug=\"diamonds\"\n\t\t\t\tclass=\"ngg-simplelightbox\" rel=\"257ad915c3700a5845e6591254a64ccb\">\n\t\t\t\t<img\n\t\t\t\t\ttitle=\"Diamond Dog&#039;s House \"\n\t\t\t\t\talt=\"Diamond Dog&#039;s House \"\n\t\t\t\t\tsrc=\"https:\/\/www.ozmada.sk\/wp-content\/gallery\/partneri\/cache\/diamonds.jpeg-nggid014-ngg0dyn-240x160x100-00f0w010c010r110f110r010t010.jpeg\"\n\t\t\t\t\twidth=\"160\"\n\t\t\t\t\theight=\"160\"\n\t\t\t\t\tstyle=\"max-width:100%;\"\n\t\t\t\t\/>\n\t\t\t<\/a>\n\t\t<\/div>\n\t\t\t\t\t\t\t<\/div> \n\t\t\t\n\t\t\t\t<div id=\"ngg-image-4\" class=\"ngg-gallery-thumbnail-box \n\t\t\t\t\t\t\t\t\t\t\t\" \n\t\t\t>\n\t\t\t\t\t\t<div class=\"ngg-gallery-thumbnail\">\n\t\t\t<a href=\"https:\/\/www.ozmada.sk\/wp-content\/gallery\/partneri\/kynologicka-unie-CR.png\"\n\t\t\t\ttitle=\"Kynologick\u00e1 Unie \u010cesk\u00e9 Republiky\"\n\t\t\t\tdata-src=\"https:\/\/www.ozmada.sk\/wp-content\/gallery\/partneri\/kynologicka-unie-CR.png\"\n\t\t\t\tdata-thumbnail=\"https:\/\/www.ozmada.sk\/wp-content\/gallery\/partneri\/thumbs\/thumbs-kynologicka-unie-CR.png\"\n\t\t\t\tdata-image-id=\"5\"\n\t\t\t\tdata-title=\"Kynologick\u00e1 Unie \u010cesk\u00e9 Republiky\"\n\t\t\t\tdata-description=\"Kynologick\u00e1 Unie \u010cesk\u00e9 Republiky\"\n\t\t\t\tdata-image-slug=\"kynologicka-unie-cr\"\n\t\t\t\tclass=\"ngg-simplelightbox\" rel=\"257ad915c3700a5845e6591254a64ccb\">\n\t\t\t\t<img\n\t\t\t\t\ttitle=\"Kynologick\u00e1 Unie \u010cesk\u00e9 Republiky\"\n\t\t\t\t\talt=\"Kynologick\u00e1 Unie \u010cesk\u00e9 Republiky\"\n\t\t\t\t\tsrc=\"https:\/\/www.ozmada.sk\/wp-content\/gallery\/partneri\/cache\/kynologicka-unie-CR.png-nggid015-ngg0dyn-240x160x100-00f0w010c010r110f110r010t010.png\"\n\t\t\t\t\twidth=\"160\"\n\t\t\t\t\theight=\"160\"\n\t\t\t\t\tstyle=\"max-width:100%;\"\n\t\t\t\t\/>\n\t\t\t<\/a>\n\t\t<\/div>\n\t\t\t\t\t\t\t<\/div> \n\t\t\t\n\t\t\t\t<div id=\"ngg-image-5\" class=\"ngg-gallery-thumbnail-box \n\t\t\t\t\t\t\t\t\t\t\t\" \n\t\t\t>\n\t\t\t\t\t\t<div class=\"ngg-gallery-thumbnail\">\n\t\t\t<a href=\"https:\/\/www.ozmada.sk\/wp-content\/gallery\/partneri\/CAI.png\"\n\t\t\t\ttitle=\"Cynology Alliance Internationale\"\n\t\t\t\tdata-src=\"https:\/\/www.ozmada.sk\/wp-content\/gallery\/partneri\/CAI.png\"\n\t\t\t\tdata-thumbnail=\"https:\/\/www.ozmada.sk\/wp-content\/gallery\/partneri\/thumbs\/thumbs-CAI.png\"\n\t\t\t\tdata-image-id=\"6\"\n\t\t\t\tdata-title=\"Cynology Alliance Internationale\"\n\t\t\t\tdata-description=\"Cynology Alliance Internationale\"\n\t\t\t\tdata-image-slug=\"cai\"\n\t\t\t\tclass=\"ngg-simplelightbox\" rel=\"257ad915c3700a5845e6591254a64ccb\">\n\t\t\t\t<img\n\t\t\t\t\ttitle=\"Cynology Alliance Internationale\"\n\t\t\t\t\talt=\"Cynology Alliance Internationale\"\n\t\t\t\t\tsrc=\"https:\/\/www.ozmada.sk\/wp-content\/gallery\/partneri\/cache\/CAI.png-nggid016-ngg0dyn-240x160x100-00f0w010c010r110f110r010t010.png\"\n\t\t\t\t\twidth=\"113\"\n\t\t\t\t\theight=\"160\"\n\t\t\t\t\tstyle=\"max-width:100%;\"\n\t\t\t\t\/>\n\t\t\t<\/a>\n\t\t<\/div>\n\t\t\t\t\t\t\t<\/div> \n\t\t\t\n\t\n\t<br style=\"clear: both\" \/>\n\n\t\n\t\t<!-- Pagination -->\n\t\t<div class='ngg-clear'><\/div>\t<\/div>\n\n<p>&nbsp;<\/p>\n","protected":false},"excerpt":{"rendered":"<p>Partneri \/ Partnersk\u00e9 organiz\u00e1cie &nbsp; &nbsp;<\/p>\n","protected":false},"author":1,"featured_media":0,"parent":0,"menu_order":0,"comment_status":"closed","ping_status":"closed","template":"","meta":{"ngg_post_thumbnail":0,"footnotes":""},"class_list":["post-354","page","type-page","status-publish","hentry"],"aioseo_notices":[],"_links":{"self":[{"href":"https:\/\/www.ozmada.sk\/index.php\/wp-json\/wp\/v2\/pages\/354","targetHints":{"allow":["GET"]}}],"collection":[{"href":"https:\/\/www.ozmada.sk\/index.php\/wp-json\/wp\/v2\/pages"}],"about":[{"href":"https:\/\/www.ozmada.sk\/index.php\/wp-json\/wp\/v2\/types\/page"}],"author":[{"embeddable":true,"href":"https:\/\/www.ozmada.sk\/index.php\/wp-json\/wp\/v2\/users\/1"}],"replies":[{"embeddable":true,"href":"https:\/\/www.ozmada.sk\/index.php\/wp-json\/wp\/v2\/comments?post=354"}],"version-history":[{"count":18,"href":"https:\/\/www.ozmada.sk\/index.php\/wp-json\/wp\/v2\/pages\/354\/revisions"}],"predecessor-version":[{"id":385,"href":"https:\/\/www.ozmada.sk\/index.php\/wp-json\/wp\/v2\/pages\/354\/revisions\/385"}],"wp:attachment":[{"href":"https:\/\/www.ozmada.sk\/index.php\/wp-json\/wp\/v2\/media?parent=354"}],"curies":[{"name":"wp","href":"https:\/\/api.w.org\/{rel}","templated":true}]}}