{"id":411,"date":"2024-10-01T14:55:52","date_gmt":"2024-10-01T12:55:52","guid":{"rendered":"https:\/\/www.ozmada.sk\/?page_id=411"},"modified":"2025-10-14T08:01:11","modified_gmt":"2025-10-14T06:01:11","slug":"medzinarodni-rozhodcovia","status":"publish","type":"page","link":"https:\/\/www.ozmada.sk\/index.php\/medzinarodni-rozhodcovia\/","title":{"rendered":"Medzin\u00e1rodn\u00ed rozhodcovia"},"content":{"rendered":"<p>Medzin\u00e1rodn\u00ed rozhodcovia MADA mosz<\/p>\n<p>\u0160tefan Ma\u0161\u00e1ni<\/p>\n<p>Krist\u00edna Tak\u00e1csov\u00e1<\/p>\n<p>Zuzana Radkov\u00e1<\/p>\n<p>Vikt\u00f3ria Tak\u00e1csov\u00e1<\/p>\n","protected":false},"excerpt":{"rendered":"<p>Medzin\u00e1rodn\u00ed rozhodcovia MADA mosz \u0160tefan Ma\u0161\u00e1ni Krist\u00edna Tak\u00e1csov\u00e1 Zuzana Radkov\u00e1 Vikt\u00f3ria Tak\u00e1csov\u00e1<\/p>\n","protected":false},"author":1,"featured_media":0,"parent":0,"menu_order":0,"comment_status":"closed","ping_status":"closed","template":"","meta":{"ngg_post_thumbnail":0,"footnotes":""},"class_list":["post-411","page","type-page","status-publish","hentry"],"aioseo_notices":[],"_links":{"self":[{"href":"https:\/\/www.ozmada.sk\/index.php\/wp-json\/wp\/v2\/pages\/411","targetHints":{"allow":["GET"]}}],"collection":[{"href":"https:\/\/www.ozmada.sk\/index.php\/wp-json\/wp\/v2\/pages"}],"about":[{"href":"https:\/\/www.ozmada.sk\/index.php\/wp-json\/wp\/v2\/types\/page"}],"author":[{"embeddable":true,"href":"https:\/\/www.ozmada.sk\/index.php\/wp-json\/wp\/v2\/users\/1"}],"replies":[{"embeddable":true,"href":"https:\/\/www.ozmada.sk\/index.php\/wp-json\/wp\/v2\/comments?post=411"}],"version-history":[{"count":4,"href":"https:\/\/www.ozmada.sk\/index.php\/wp-json\/wp\/v2\/pages\/411\/revisions"}],"predecessor-version":[{"id":559,"href":"https:\/\/www.ozmada.sk\/index.php\/wp-json\/wp\/v2\/pages\/411\/revisions\/559"}],"wp:attachment":[{"href":"https:\/\/www.ozmada.sk\/index.php\/wp-json\/wp\/v2\/media?parent=411"}],"curies":[{"name":"wp","href":"https:\/\/api.w.org\/{rel}","templated":true}]}}