{"id":414,"date":"2024-10-01T15:00:23","date_gmt":"2024-10-01T13:00:23","guid":{"rendered":"https:\/\/www.ozmada.sk\/?page_id=414"},"modified":"2026-02-16T11:28:03","modified_gmt":"2026-02-16T10:28:03","slug":"ostatne-prihlasky","status":"publish","type":"page","link":"https:\/\/www.ozmada.sk\/index.php\/ostatne-prihlasky\/","title":{"rendered":"Ostatn\u00e9 prihl\u00e1\u0161ky &#8211; registr\u00e1cie"},"content":{"rendered":"<ul class=\"sub-menu toggled-on\">\n<li><a title=\"Registr\u00e1cia chovate\u013eskej stanice do MADA mosz\" href=\"https:\/\/www.ozmada.sk\/index.php\/registracia-chovatelskej-stanice-do-mada-mosz\/\">Registr\u00e1cia chovate\u013eskej stanice do MADA mosz<\/a><\/li>\n<li id=\"menu-item-85\" class=\"menu-item menu-item-type-post_type menu-item-object-page menu-item-85\"><a class=\"keychainify-checked\" href=\"https:\/\/www.ozmada.sk\/index.php\/prihlaska-do-klubu-ozmada\/\">PRIHL\u00c1\u0160KA KLUBU DO MADA mosz<\/a><\/li>\n<li id=\"menu-item-74\" class=\"menu-item menu-item-type-post_type menu-item-object-page menu-item-74\"><a class=\"keychainify-checked\" href=\"https:\/\/www.ozmada.sk\/index.php\/prihlaska-do-ozmada\/\">PRIHL\u00c1\u0160KA DO MADA mosz<\/a><\/li>\n<li id=\"menu-item-134\" class=\"menu-item menu-item-type-post_type menu-item-object-page menu-item-134\"><a class=\"keychainify-checked\" href=\"https:\/\/www.ozmada.sk\/index.php\/preregistracia-psa-suky-do-ozmada\/\">Preregistr\u00e1cia psa\/suky do MADA mosz<\/a><\/li>\n<li><a title=\"Vystavenie rodokme\u0148a pre psov\" href=\"https:\/\/www.ozmada.sk\/index.php\/vystavenie-rodokmena\/\">Vystavenie rodokme\u0148a pre psov<\/a><\/li>\n<\/ul>\n","protected":false},"excerpt":{"rendered":"<p>Registr\u00e1cia chovate\u013eskej stanice do MADA mosz PRIHL\u00c1\u0160KA KLUBU DO MADA mosz PRIHL\u00c1\u0160KA DO MADA mosz Preregistr\u00e1cia psa\/suky do MADA mosz Vystavenie rodokme\u0148a pre psov<\/p>\n","protected":false},"author":1,"featured_media":0,"parent":0,"menu_order":0,"comment_status":"closed","ping_status":"closed","template":"","meta":{"ngg_post_thumbnail":0,"footnotes":""},"class_list":["post-414","page","type-page","status-publish","hentry"],"aioseo_notices":[],"_links":{"self":[{"href":"https:\/\/www.ozmada.sk\/index.php\/wp-json\/wp\/v2\/pages\/414","targetHints":{"allow":["GET"]}}],"collection":[{"href":"https:\/\/www.ozmada.sk\/index.php\/wp-json\/wp\/v2\/pages"}],"about":[{"href":"https:\/\/www.ozmada.sk\/index.php\/wp-json\/wp\/v2\/types\/page"}],"author":[{"embeddable":true,"href":"https:\/\/www.ozmada.sk\/index.php\/wp-json\/wp\/v2\/users\/1"}],"replies":[{"embeddable":true,"href":"https:\/\/www.ozmada.sk\/index.php\/wp-json\/wp\/v2\/comments?post=414"}],"version-history":[{"count":6,"href":"https:\/\/www.ozmada.sk\/index.php\/wp-json\/wp\/v2\/pages\/414\/revisions"}],"predecessor-version":[{"id":604,"href":"https:\/\/www.ozmada.sk\/index.php\/wp-json\/wp\/v2\/pages\/414\/revisions\/604"}],"wp:attachment":[{"href":"https:\/\/www.ozmada.sk\/index.php\/wp-json\/wp\/v2\/media?parent=414"}],"curies":[{"name":"wp","href":"https:\/\/api.w.org\/{rel}","templated":true}]}}