{"id":444,"date":"2025-02-13T14:35:47","date_gmt":"2025-02-13T13:35:47","guid":{"rendered":"https:\/\/www.ozmada.sk\/?page_id=444"},"modified":"2026-03-31T09:45:40","modified_gmt":"2026-03-31T07:45:40","slug":"stanovy","status":"publish","type":"page","link":"https:\/\/www.ozmada.sk\/index.php\/stanovy\/","title":{"rendered":"Stanovy"},"content":{"rendered":"<pre><a title=\"Stanovy\" href=\"https:\/\/www.ozmada.sk\/wp-content\/uploads\/2025\/07\/Stanovy-Mada-ofic_fin.pdf\">Stanovy aktu\u00e1lne<\/a>\r\n\r\n<a title=\"Statues\" href=\"https:\/\/www.ozmada.sk\/wp-content\/uploads\/2025\/07\/Stanovy-obcianskeho-zdruzenia-MADA-angl.pdf\">Statues - Stanovy ob\u010dianskeho zdru\u017eenia MADA angl.<\/a><\/pre>\n<pre><a title=\"V\u00fdstavn\u00fd poriadok MADA mosz\" href=\"https:\/\/www.ozmada.sk\/wp-content\/uploads\/2026\/03\/Vystavny-poriadok-MADAmosz.pdf\">V\u00fdstavn\u00fd poriadok MADA mosz<\/a><\/pre>\n","protected":false},"excerpt":{"rendered":"<p>Stanovy aktu\u00e1lne Statues &#8211; Stanovy ob\u010dianskeho zdru\u017eenia MADA angl. V\u00fdstavn\u00fd poriadok MADA mosz<\/p>\n","protected":false},"author":1,"featured_media":0,"parent":0,"menu_order":0,"comment_status":"closed","ping_status":"closed","template":"","meta":{"ngg_post_thumbnail":0,"footnotes":""},"class_list":["post-444","page","type-page","status-publish","hentry"],"aioseo_notices":[],"_links":{"self":[{"href":"https:\/\/www.ozmada.sk\/index.php\/wp-json\/wp\/v2\/pages\/444","targetHints":{"allow":["GET"]}}],"collection":[{"href":"https:\/\/www.ozmada.sk\/index.php\/wp-json\/wp\/v2\/pages"}],"about":[{"href":"https:\/\/www.ozmada.sk\/index.php\/wp-json\/wp\/v2\/types\/page"}],"author":[{"embeddable":true,"href":"https:\/\/www.ozmada.sk\/index.php\/wp-json\/wp\/v2\/users\/1"}],"replies":[{"embeddable":true,"href":"https:\/\/www.ozmada.sk\/index.php\/wp-json\/wp\/v2\/comments?post=444"}],"version-history":[{"count":11,"href":"https:\/\/www.ozmada.sk\/index.php\/wp-json\/wp\/v2\/pages\/444\/revisions"}],"predecessor-version":[{"id":615,"href":"https:\/\/www.ozmada.sk\/index.php\/wp-json\/wp\/v2\/pages\/444\/revisions\/615"}],"wp:attachment":[{"href":"https:\/\/www.ozmada.sk\/index.php\/wp-json\/wp\/v2\/media?parent=444"}],"curies":[{"name":"wp","href":"https:\/\/api.w.org\/{rel}","templated":true}]}}