{"id":60,"date":"2023-07-15T13:25:45","date_gmt":"2023-07-15T11:25:45","guid":{"rendered":"https:\/\/www.ozmada.sk\/?page_id=60"},"modified":"2026-04-17T08:14:49","modified_gmt":"2026-04-17T06:14:49","slug":"prihlaska-na-vystavu","status":"publish","type":"page","link":"https:\/\/www.ozmada.sk\/index.php\/prihlaska-na-vystavu\/","title":{"rendered":"PRIHL\u00c1\u0160KA NA V\u00ddSTAVU"},"content":{"rendered":"\t\t<div data-elementor-type=\"wp-page\" data-elementor-id=\"60\" class=\"elementor elementor-60\">\n\t\t\t\t\t\t\t\t\t<section class=\"elementor-section elementor-top-section elementor-element elementor-element-388ec7c3 elementor-section-boxed elementor-section-height-default elementor-section-height-default\" data-id=\"388ec7c3\" data-element_type=\"section\">\n\t\t\t\t\t\t<div class=\"elementor-container elementor-column-gap-default\">\n\t\t\t\t\t<div class=\"elementor-column elementor-col-100 elementor-top-column elementor-element elementor-element-26d7c914\" data-id=\"26d7c914\" data-element_type=\"column\">\n\t\t\t<div class=\"elementor-widget-wrap elementor-element-populated\">\n\t\t\t\t\t\t\t\t<div class=\"elementor-element elementor-element-ad4750c elementor-widget elementor-widget-heading\" data-id=\"ad4750c\" data-element_type=\"widget\" data-widget_type=\"heading.default\">\n\t\t\t\t<div class=\"elementor-widget-container\">\n\t\t\t<style>\/*! elementor - v3.14.0 - 26-06-2023 *\/\n.elementor-heading-title{padding:0;margin:0;line-height:1}.elementor-widget-heading .elementor-heading-title[class*=elementor-size-]>a{color:inherit;font-size:inherit;line-height:inherit}.elementor-widget-heading .elementor-heading-title.elementor-size-small{font-size:15px}.elementor-widget-heading .elementor-heading-title.elementor-size-medium{font-size:19px}.elementor-widget-heading .elementor-heading-title.elementor-size-large{font-size:29px}.elementor-widget-heading .elementor-heading-title.elementor-size-xl{font-size:39px}.elementor-widget-heading .elementor-heading-title.elementor-size-xxl{font-size:59px}<\/style><h2 class=\"elementor-heading-title elementor-size-default\">Medzin\u00e1rodn\u00e1 v\u00fdstava psov<br>REGISTRATION<br>25.-26.04.2026<\/h2>\t\t<\/div>\n\t\t\t\t<\/div>\n\t\t\t\t<div class=\"elementor-element elementor-element-8b2426d elementor-widget elementor-widget-text-editor\" data-id=\"8b2426d\" data-element_type=\"widget\" data-widget_type=\"text-editor.default\">\n\t\t\t\t<div class=\"elementor-widget-container\">\n\t\t\t<style>\/*! elementor - v3.14.0 - 26-06-2023 *\/\n.elementor-widget-text-editor.elementor-drop-cap-view-stacked .elementor-drop-cap{background-color:#69727d;color:#fff}.elementor-widget-text-editor.elementor-drop-cap-view-framed .elementor-drop-cap{color:#69727d;border:3px solid;background-color:transparent}.elementor-widget-text-editor:not(.elementor-drop-cap-view-default) .elementor-drop-cap{margin-top:8px}.elementor-widget-text-editor:not(.elementor-drop-cap-view-default) .elementor-drop-cap-letter{width:1em;height:1em}.elementor-widget-text-editor .elementor-drop-cap{float:left;text-align:center;line-height:1;font-size:50px}.elementor-widget-text-editor .elementor-drop-cap-letter{display:inline-block}<\/style>\t\t\t\t<p>Mo\u017enos\u0165 prihl\u00e1senia bolo ukon\u010den\u00e9.<\/p><p>\u010eal\u0161ie prihl\u00e1senie je mo\u017en\u00e9 po osobnej dohode.<\/p><p>\u010eakujeme<\/p>\t\t\t\t\t\t<\/div>\n\t\t\t\t<\/div>\n\t\t\t\t<div class=\"elementor-element elementor-element-36c6338e elementor-widget__width-initial elementor-widget elementor-widget-text-editor\" data-id=\"36c6338e\" data-element_type=\"widget\" data-widget_type=\"text-editor.default\">\n\t\t\t\t<div class=\"elementor-widget-container\">\n\t\t\t\t\t\t\t<h2><span style=\"color: #22313f; font-family: 'Noto Serif', serif; font-size: 19px; font-style: normal; font-weight: 400;\">\u0160tefan Ma\u0161\u00e1ni<\/span><\/h2><p style=\"box-sizing: inherit; font-family: 'Noto Serif', serif; font-size: 19px; font-style: normal; font-weight: 400; color: #22313f;\"><img loading=\"lazy\" decoding=\"async\" style=\"box-sizing: inherit; border-width: 0px; border-style: initial;\" src=\"https:\/\/w7.pngwing.com\/pngs\/706\/31\/png-transparent-business-logo-online-art-gallery-telefone-text-mobile-phones-internet-thumbnail.png\" alt=\"TELEFON png images | PNGWing\" width=\"16\" height=\"16\" aria-hidden=\"false\" \/>\u00a0Tel. kontakt:\u00a0<a style=\"box-sizing: inherit; font-size: 19px;\" href=\"https:\/\/www.ozmada.sk\/index.php\/kontakt\/\">+421 907 121 668<\/a><\/p><p style=\"box-sizing: inherit; font-family: 'Noto Serif', serif; font-size: 19px; font-style: normal; font-weight: 400; color: #22313f;\"><img loading=\"lazy\" decoding=\"async\" style=\"box-sizing: inherit; border-width: 0px; border-style: initial;\" src=\"https:\/\/www.ozmada.sk\/wp-content\/uploads\/2023\/07\/png-clipart-black-envelope-icon-advanced-case-management-envelope-computer-icons-icon-design-envelope-mail-miscellaneous-angle-300x171.png\" sizes=\"auto, (max-width: 17px) 100vw, 17px\" srcset=\"https:\/\/www.ozmada.sk\/wp-content\/uploads\/2023\/07\/png-clipart-black-envelope-icon-advanced-case-management-envelope-computer-icons-icon-design-envelope-mail-miscellaneous-angle-300x171.png 300w, https:\/\/www.ozmada.sk\/wp-content\/uploads\/2023\/07\/png-clipart-black-envelope-icon-advanced-case-management-envelope-computer-icons-icon-design-envelope-mail-miscellaneous-angle-768x437.png 768w, https:\/\/www.ozmada.sk\/wp-content\/uploads\/2023\/07\/png-clipart-black-envelope-icon-advanced-case-management-envelope-computer-icons-icon-design-envelope-mail-miscellaneous-angle.png 900w\" alt=\"\" width=\"17\" height=\"10\" \/><a style=\"box-sizing: inherit; font-size: 19px;\" href=\"https:\/\/www.ozmada.sk\/index.php\/kontakt\/zdruzeniemada@gmail.com\">zdruzeniemada@gmail.com<\/a><\/p><h6><strong><span style=\"color: #ff0000;\">Kateg\u00f3ria hobby &#8211; s\u00fa\u0165a\u017e v r\u00e1mci v\u00fdstavy<\/span><\/strong><\/h6><p>O t\u00fato kateg\u00f3riu je \u010doraz v\u00e4\u010d\u0161\u00ed z\u00e1ujem.<br \/>1.) Z\u00fa\u010dast\u0148uj\u00fa sa jej v\u0161etky jedince, ktor\u00e9 s\u00edce maj\u00fa rodokme\u0148, ale z r\u00f4znych d\u00f4vodov sa nem\u00f4\u017eu z\u00fa\u010dastni\u0165 na riadnej v\u00fdstave. D\u00f4vody s\u00fa tak\u00e9, pre ktor\u00e9 nem\u00f4\u017eu by\u0165 riadne uchovnen\u00ed (vady vylu\u010duj\u00face z chovu). S\u00fa to napr\u00edklad zl\u00e9 zuby, z\u00e1lomok (zlomen\u00fd chvost), u psov nezost\u00fapen\u00fd 1, alebo oba semenn\u00edky, kastrovan\u00ed psi, suky, at\u010f, to znamen\u00e1 \u017ee nesp\u013a\u0148aj\u00fa \u0161tandard plemena z\u00fa\u010dastni\u0165 sa na riadnej v\u00fdstave vo svojej kateg\u00f3rii.<\/p><p>2.) \u010ealej sa v kateg\u00f3ri\u00ed hobby m\u00f4\u017eu z\u00fa\u010dastni\u0165 aj jedinci ktor\u00ed s\u00edce sp\u013a\u0148aj\u00fa riadny \u0161tandard plemena, \u010di\u017ee nemaj\u00fa \u017eiadne vady, ale v rodokmen\u00ed maj\u00fa zap\u00edsan\u00fa iba jednu gener\u00e1ciu, teda len rodi\u010dov. V pr\u00edpade, \u017ee si daj\u00fa urobi\u0165 testy DNA a tie potvrdia pravos\u0165- \u0161tandard plemena, m\u00f4\u017eu sa s dolo\u017een\u00fdm testom DNA, ktor\u00fd bude riadne zap\u00edsan\u00fd a potvrden\u00fd organiz\u00e1ciou, ktor\u00e1 vyd\u00e1va rodokme\u0148, z\u00fa\u010dastni\u0165 v\u00fdstavy v riadnej vystavovanej\u00a0triede.<\/p><h3><strong><span style=\"color: #ff0000; font-size: 19px; letter-spacing: 0.1em;\">Poplatky<\/span><\/strong><\/h3><p><strong><span style=\"color: #ff0000;\">uveden\u00fd poplatok je za jedn\u00e9ho psa na jeden de\u0148<\/span><\/strong><\/p><p>D\u00e1tumy uz\u00e1vierok<\/p><ul><li><p><span style=\"color: #808080;\">1. uz\u00e1vierka &#8211; 28.1. &#8211; 28.2.26 23:59<\/span><\/p><\/li><li><p><span style=\"color: #808080;\">2. uz\u00e1vierka &#8211; 1.3. &#8211; 14.3.26 23:59<\/span><\/p><\/li><li><h2><span style=\"color: #ff0000;\">3. uz\u00e1vierka &#8211; 15.3. &#8211; 16.4.26 23:59<\/span><\/h2><\/li><\/ul><p>Poplatky<\/p><table style=\"height: 359px;\" width=\"438\"><tbody><tr><td width=\"304\">Poplatok za v\u00fdstavu za 1 psa na 1 de\u0148<\/td><td style=\"text-align: center;\" width=\"101\">1.uz\u00e1v.<\/td><td style=\"text-align: center;\" width=\"97\">2.uz\u00e1v.<\/td><td style=\"text-align: center;\" width=\"97\">3.uz\u00e1v.<\/td><\/tr><tr><td width=\"304\">trieda mlad\u00fdch, otvoren\u00e1, pracovn\u00e1, \u0161ampi\u00f3nov<\/td><td style=\"text-align: center;\">40 \u20ac<\/td><td style=\"text-align: center;\">45 \u20ac<\/td><td style=\"text-align: center;\">50 \u20ac<\/td><\/tr><tr><td width=\"304\">mlad\u0161\u00ed dorast, dorast, veter\u00e1n, \u010destn\u00e1, hobby, hobby mix<\/td><td style=\"text-align: center;\" colspan=\"3\">30 \u20ac<\/td><\/tr><tr><td width=\"304\">junior handling, adult handling, p\u00e1r psov, chovate\u013esk\u00e1 skupina<\/td><td style=\"text-align: center;\" colspan=\"3\">20 \u20ac<\/td><\/tr><tr><td width=\"304\">s\u00fa\u0165a\u017e die\u0165a a pes<\/td><td style=\"text-align: center;\" colspan=\"3\">0 \u20ac<\/td><\/tr><\/tbody><\/table><p><strong style=\"font-family: var( --e-global-typography-text-font-family ), Sans-serif; font-size: var(--go--font-size); letter-spacing: var(--go--letter-spacing,normal); color: #ff0000;\">\u00a0 \u00a0 \u00a0 \u00a0 Dodato\u010dn\u00e9 s\u00fa\u0165a\u017ee:<\/strong><\/p><ul><li>DIE\u0164A\/do 9 rokov\/ a PES &#8211; ZDARMA\/mo\u017enos\u0165 prihl\u00e1si\u0165 na v\u00fdstave\/<\/li><li>Junior handling\/od 10 do 18 rokov\/, adult handling\/od 18 rokov\/, p\u00e1r psov, chovate\u013esk\u00e1 skupina &#8211; <strong>20<\/strong> eur \/ mo\u017enos\u0165 prihl\u00e1si\u0165 na v\u00fdstave\/<\/li><li>Najkraj\u0161\u00ed p\u00e1r psov \u2013 <strong>20\u20ac<\/strong><\/li><li>chovate\u013esk\u00e1 skupina \u2013 <strong>20\u20ac<\/strong><\/li><li>Die\u0165a a pes \u2013 <strong>BEZ POPLATKU!<\/strong><\/li><li>Uz\u00e1vierka prihlasovania 10 dn\u00ed pred za\u010diatkom v\u00fdstavy<\/li><li>Pre ka\u017ed\u00e9ho psa vypl\u0148te samostatn\u00fa prihl\u00e1\u0161ku!<\/li><li>K prihl\u00e1\u0161ke prilo\u017ete fotok\u00f3piu preukazu o p\u00f4vode psa!<\/li><li>K prihl\u00e1\u0161ke prilo\u017ete fotok\u00f3piu o platbe \u0161tartovn\u00fdch poplatkov!<\/li><li>Ubytovanie je mo\u017en\u00e9 zabezpe\u010di\u0165 cez <a href=\"http:\/\/www.hotelagatka.sk\">www.hotelagatka.sk<\/a><\/li><li>\u00a0<strong><span style=\"color: #ff0000;\">V pr\u00edpade storna prihl\u00e1\u0161ky sa zaplaten\u00fd poplatok nevracia<\/span><\/strong><\/li><\/ul><h6><strong style=\"color: #ff0000; font-size: 19px;\">BANKOV\u00c9 \u00daDAJE:<\/strong><\/h6><p>MADA, o.z<\/p><p><strong>K\u00f3d banky:<\/strong> 0900<br \/><strong>SWIFT k\u00f3d banky: GIBASKDX<\/strong><br \/><strong>IBAN:<\/strong> SK41 0900 0000 0051 8433 6731<\/p><p>MADA, o.z.<br \/>Rastislavice 60 94108 Rastislavice<\/p><p><strong>I\u010cO 53787323<\/strong><\/p><p><strong>DI\u010c 2121577678<\/strong><\/p><p><span style=\"color: #ff0000;\"><strong>Kontakt:<\/strong><\/span><\/p><p>\u0160tefan Ma\u0161\u00e1ni<\/p><p><img loading=\"lazy\" decoding=\"async\" src=\"https:\/\/w7.pngwing.com\/pngs\/706\/31\/png-transparent-business-logo-online-art-gallery-telefone-text-mobile-phones-internet-thumbnail.png\" alt=\"TELEFON png images | PNGWing\" width=\"16\" height=\"16\" aria-hidden=\"false\" \/> Tel. kontakt: <a href=\"https:\/\/www.ozmada.sk\/index.php\/kontakt\/\">+421 907 121 668<\/a><\/p><p><img loading=\"lazy\" decoding=\"async\" src=\"https:\/\/www.ozmada.sk\/wp-content\/uploads\/2023\/07\/png-clipart-black-envelope-icon-advanced-case-management-envelope-computer-icons-icon-design-envelope-mail-miscellaneous-angle-300x171.png\" sizes=\"auto, (max-width: 17px) 100vw, 17px\" srcset=\"https:\/\/www.ozmada.sk\/wp-content\/uploads\/2023\/07\/png-clipart-black-envelope-icon-advanced-case-management-envelope-computer-icons-icon-design-envelope-mail-miscellaneous-angle-300x171.png 300w, https:\/\/www.ozmada.sk\/wp-content\/uploads\/2023\/07\/png-clipart-black-envelope-icon-advanced-case-management-envelope-computer-icons-icon-design-envelope-mail-miscellaneous-angle-768x437.png 768w, https:\/\/www.ozmada.sk\/wp-content\/uploads\/2023\/07\/png-clipart-black-envelope-icon-advanced-case-management-envelope-computer-icons-icon-design-envelope-mail-miscellaneous-angle.png 900w\" alt=\"\" width=\"17\" height=\"10\" \/><a href=\"mailto:zdruzeniemada@gmail.com\">zdruzeniemada@gmail.com<\/a><\/p><hr \/><p><span style=\"color: #ff0000;\"><strong>VETERIN\u00c1RNE PREDPISY:<\/strong><\/span><\/p><p>Ka\u017ed\u00fd pes mus\u00ed ma\u0165 veterin\u00e1rny preukaz alebo osved\u010denie s platn\u00fdmi o\u010dkovaniami proti besnote, psinke, parvovir\u00f3ze a hepatit\u00edde minim\u00e1lne 21 dn\u00ed a maxim\u00e1lne 1 rok pred v\u00fdstavou, resp. pod\u013ea d\u013a\u017eky platnosti vakc\u00edny. Psy zo zahrani\u010dia musia ma\u0165 PET PASSPORT alebo OSVED\u010cENIE s platn\u00fdm o\u010dkovan\u00edm proti besnote.<\/p><div>\u00a0<\/div>\t\t\t\t\t\t<\/div>\n\t\t\t\t<\/div>\n\t\t\t\t\t<\/div>\n\t\t<\/div>\n\t\t\t\t\t\t\t<\/div>\n\t\t<\/section>\n\t\t\t\t\t\t\t<\/div>\n\t\t","protected":false},"excerpt":{"rendered":"<p>Medzin\u00e1rodn\u00e1 v\u00fdstava psovREGISTRATION25.-26.04.2026 Mo\u017enos\u0165 prihl\u00e1senia bolo ukon\u010den\u00e9. \u010eal\u0161ie prihl\u00e1senie je mo\u017en\u00e9 po osobnej dohode. \u010eakujeme \u0160tefan Ma\u0161\u00e1ni \u00a0Tel. kontakt:\u00a0+421 907 121 668 zdruzeniemada@gmail.com Kateg\u00f3ria hobby &#8211; s\u00fa\u0165a\u017e v r\u00e1mci v\u00fdstavy O t\u00fato kateg\u00f3riu je \u010doraz v\u00e4\u010d\u0161\u00ed z\u00e1ujem.1.) Z\u00fa\u010dast\u0148uj\u00fa sa jej v\u0161etky jedince, ktor\u00e9 s\u00edce maj\u00fa rodokme\u0148, ale z r\u00f4znych d\u00f4vodov sa nem\u00f4\u017eu z\u00fa\u010dastni\u0165 na riadnej &hellip; <a href=\"https:\/\/www.ozmada.sk\/index.php\/prihlaska-na-vystavu\/\" class=\"more-link\">Pokra\u010dova\u0165 v \u010d\u00edtan\u00ed: <span class=\"screen-reader-text\">PRIHL\u00c1\u0160KA NA V\u00ddSTAVU<\/span><\/a><\/p>\n","protected":false},"author":1,"featured_media":0,"parent":0,"menu_order":0,"comment_status":"closed","ping_status":"closed","template":"","meta":{"ngg_post_thumbnail":0,"footnotes":""},"class_list":["post-60","page","type-page","status-publish","hentry"],"aioseo_notices":[],"_links":{"self":[{"href":"https:\/\/www.ozmada.sk\/index.php\/wp-json\/wp\/v2\/pages\/60","targetHints":{"allow":["GET"]}}],"collection":[{"href":"https:\/\/www.ozmada.sk\/index.php\/wp-json\/wp\/v2\/pages"}],"about":[{"href":"https:\/\/www.ozmada.sk\/index.php\/wp-json\/wp\/v2\/types\/page"}],"author":[{"embeddable":true,"href":"https:\/\/www.ozmada.sk\/index.php\/wp-json\/wp\/v2\/users\/1"}],"replies":[{"embeddable":true,"href":"https:\/\/www.ozmada.sk\/index.php\/wp-json\/wp\/v2\/comments?post=60"}],"version-history":[{"count":123,"href":"https:\/\/www.ozmada.sk\/index.php\/wp-json\/wp\/v2\/pages\/60\/revisions"}],"predecessor-version":[{"id":623,"href":"https:\/\/www.ozmada.sk\/index.php\/wp-json\/wp\/v2\/pages\/60\/revisions\/623"}],"wp:attachment":[{"href":"https:\/\/www.ozmada.sk\/index.php\/wp-json\/wp\/v2\/media?parent=60"}],"curies":[{"name":"wp","href":"https:\/\/api.w.org\/{rel}","templated":true}]}}