{"id":64,"date":"2023-07-15T13:27:34","date_gmt":"2023-07-15T11:27:34","guid":{"rendered":"https:\/\/www.ozmada.sk\/?page_id=64"},"modified":"2026-01-28T10:09:45","modified_gmt":"2026-01-28T09:09:45","slug":"aktuality-vystavy","status":"publish","type":"page","link":"https:\/\/www.ozmada.sk\/index.php\/aktuality-vystavy\/","title":{"rendered":"AKTUALITY- V\u00ddSTAVY"},"content":{"rendered":"<p><a title=\"PRIHL\u00c1\u0160KA NA V\u00ddSTAVU\" href=\"https:\/\/www.ozmada.sk\/index.php\/prihlaska-na-vystavu\/\"><img loading=\"lazy\" decoding=\"async\" class=\"alignnone size-large wp-image-592\" src=\"https:\/\/www.ozmada.sk\/wp-content\/uploads\/2026\/01\/MADA-Dog-Show-Advert-Design-1024x768.jpg\" alt=\"\" width=\"660\" height=\"495\" srcset=\"https:\/\/www.ozmada.sk\/wp-content\/uploads\/2026\/01\/MADA-Dog-Show-Advert-Design-1024x768.jpg 1024w, https:\/\/www.ozmada.sk\/wp-content\/uploads\/2026\/01\/MADA-Dog-Show-Advert-Design-300x225.jpg 300w, https:\/\/www.ozmada.sk\/wp-content\/uploads\/2026\/01\/MADA-Dog-Show-Advert-Design-768x576.jpg 768w, https:\/\/www.ozmada.sk\/wp-content\/uploads\/2026\/01\/MADA-Dog-Show-Advert-Design-1536x1152.jpg 1536w, https:\/\/www.ozmada.sk\/wp-content\/uploads\/2026\/01\/MADA-Dog-Show-Advert-Design-2048x1536.jpg 2048w\" sizes=\"auto, (max-width: 660px) 100vw, 660px\" \/><\/a><\/p>\n<p><img loading=\"lazy\" decoding=\"async\" class=\"alignnone size-full wp-image-586\" src=\"https:\/\/www.ozmada.sk\/wp-content\/uploads\/2026\/01\/kalendar2026-scaled.png\" alt=\"\" width=\"2150\" height=\"2560\" srcset=\"https:\/\/www.ozmada.sk\/wp-content\/uploads\/2026\/01\/kalendar2026-scaled.png 2150w, https:\/\/www.ozmada.sk\/wp-content\/uploads\/2026\/01\/kalendar2026-252x300.png 252w, https:\/\/www.ozmada.sk\/wp-content\/uploads\/2026\/01\/kalendar2026-860x1024.png 860w, https:\/\/www.ozmada.sk\/wp-content\/uploads\/2026\/01\/kalendar2026-768x914.png 768w, https:\/\/www.ozmada.sk\/wp-content\/uploads\/2026\/01\/kalendar2026-1290x1536.png 1290w, https:\/\/www.ozmada.sk\/wp-content\/uploads\/2026\/01\/kalendar2026-1720x2048.png 1720w\" sizes=\"auto, (max-width: 2150px) 100vw, 2150px\" \/><\/p>\n","protected":false},"excerpt":{"rendered":"","protected":false},"author":1,"featured_media":0,"parent":0,"menu_order":0,"comment_status":"closed","ping_status":"closed","template":"","meta":{"ngg_post_thumbnail":0,"footnotes":""},"class_list":["post-64","page","type-page","status-publish","hentry"],"aioseo_notices":[],"_links":{"self":[{"href":"https:\/\/www.ozmada.sk\/index.php\/wp-json\/wp\/v2\/pages\/64","targetHints":{"allow":["GET"]}}],"collection":[{"href":"https:\/\/www.ozmada.sk\/index.php\/wp-json\/wp\/v2\/pages"}],"about":[{"href":"https:\/\/www.ozmada.sk\/index.php\/wp-json\/wp\/v2\/types\/page"}],"author":[{"embeddable":true,"href":"https:\/\/www.ozmada.sk\/index.php\/wp-json\/wp\/v2\/users\/1"}],"replies":[{"embeddable":true,"href":"https:\/\/www.ozmada.sk\/index.php\/wp-json\/wp\/v2\/comments?post=64"}],"version-history":[{"count":31,"href":"https:\/\/www.ozmada.sk\/index.php\/wp-json\/wp\/v2\/pages\/64\/revisions"}],"predecessor-version":[{"id":594,"href":"https:\/\/www.ozmada.sk\/index.php\/wp-json\/wp\/v2\/pages\/64\/revisions\/594"}],"wp:attachment":[{"href":"https:\/\/www.ozmada.sk\/index.php\/wp-json\/wp\/v2\/media?parent=64"}],"curies":[{"name":"wp","href":"https:\/\/api.w.org\/{rel}","templated":true}]}}